{"id":6,"date":"2024-07-03T09:43:54","date_gmt":"2024-07-03T09:43:54","guid":{"rendered":"https:\/\/musikomotor.se\/_wp\/?page_id=6"},"modified":"2025-06-25T18:25:26","modified_gmt":"2025-06-25T18:25:26","slug":"elementor-6","status":"publish","type":"page","link":"https:\/\/musikomotor.se\/","title":{"rendered":"Elementor #6"},"content":{"rendered":"\t\t<div data-elementor-type=\"wp-page\" data-elementor-id=\"6\" class=\"elementor elementor-6\">\n\t\t\t\t<div class=\"elementor-element elementor-element-4b76761 e-con-full e-flex e-con e-parent\" data-id=\"4b76761\" data-element_type=\"container\" data-e-type=\"container\">\n\t\t\t\t<div class=\"elementor-element elementor-element-65c543a elementor-widget elementor-widget-html\" data-id=\"65c543a\" data-element_type=\"widget\" data-e-type=\"widget\" data-widget_type=\"html.default\">\n\t\t\t\t<div class=\"elementor-widget-container\">\n\t\t\t\t\t<style>body { backdrop-filter:blur(12px) brightness(0.86) contrast(1.58) saturate(3) }<\/style>\t\t\t\t<\/div>\n\t\t\t\t<\/div>\n\t\t\t\t<div class=\"elementor-element elementor-element-7bfe958 elementor-widget elementor-widget-image\" data-id=\"7bfe958\" data-element_type=\"widget\" data-e-type=\"widget\" data-widget_type=\"image.default\">\n\t\t\t\t<div class=\"elementor-widget-container\">\n\t\t\t\t\t\t\t\t\t\t\t\t\t\t\t<img fetchpriority=\"high\" decoding=\"async\" width=\"768\" height=\"553\" src=\"https:\/\/musikomotor.se\/wp-content\/uploads\/2024\/07\/MoM-Logga-CMYK-min-transpo-768x553.png\" class=\"attachment-medium_large size-medium_large wp-image-13\" alt=\"\" srcset=\"https:\/\/musikomotor.se\/wp-content\/uploads\/2024\/07\/MoM-Logga-CMYK-min-transpo-768x553.png 768w, https:\/\/musikomotor.se\/wp-content\/uploads\/2024\/07\/MoM-Logga-CMYK-min-transpo-300x216.png 300w, https:\/\/musikomotor.se\/wp-content\/uploads\/2024\/07\/MoM-Logga-CMYK-min-transpo.png 1023w\" sizes=\"(max-width: 768px) 100vw, 768px\" \/>\t\t\t\t\t\t\t\t\t\t\t\t\t\t\t<\/div>\n\t\t\t\t<\/div>\n\t\t<div class=\"elementor-element elementor-element-bcaa9dd e-grid e-con-boxed e-con e-child\" data-id=\"bcaa9dd\" data-element_type=\"container\" data-e-type=\"container\">\n\t\t\t\t\t<div class=\"e-con-inner\">\n\t\t<div class=\"elementor-element elementor-element-2974dcf e-con-full e-flex e-con e-child\" data-id=\"2974dcf\" data-element_type=\"container\" data-e-type=\"container\">\n\t\t\t\t<div class=\"elementor-element elementor-element-f122e68 elementor-widget elementor-widget-heading\" data-id=\"f122e68\" data-element_type=\"widget\" data-e-type=\"widget\" data-widget_type=\"heading.default\">\n\t\t\t\t<div class=\"elementor-widget-container\">\n\t\t\t\t\t<h4 class=\"elementor-heading-title elementor-size-default\">F\u00f6r senaste nyheterna:<\/h4>\t\t\t\t<\/div>\n\t\t\t\t<\/div>\n\t\t\t\t<div class=\"elementor-element elementor-element-33dc590 elementor-widget elementor-widget-button\" data-id=\"33dc590\" data-element_type=\"widget\" data-e-type=\"widget\" data-widget_type=\"button.default\">\n\t\t\t\t<div class=\"elementor-widget-container\">\n\t\t\t\t\t\t\t\t\t<div class=\"elementor-button-wrapper\">\n\t\t\t\t\t<a class=\"elementor-button elementor-button-link elementor-size-sm\" href=\"https:\/\/www.facebook.com\/groups\/100372916675911\">\n\t\t\t\t\t\t<span class=\"elementor-button-content-wrapper\">\n\t\t\t\t\t\t<span class=\"elementor-button-icon\">\n\t\t\t\t<svg aria-hidden=\"true\" class=\"e-font-icon-svg e-fab-facebook\" viewBox=\"0 0 512 512\" xmlns=\"http:\/\/www.w3.org\/2000\/svg\"><path d=\"M504 256C504 119 393 8 256 8S8 119 8 256c0 123.78 90.69 226.38 209.25 245V327.69h-63V256h63v-54.64c0-62.15 37-96.48 93.67-96.48 27.14 0 55.52 4.84 55.52 4.84v61h-31.28c-30.8 0-40.41 19.12-40.41 38.73V256h68.78l-11 71.69h-57.78V501C413.31 482.38 504 379.78 504 256z\"><\/path><\/svg>\t\t\t<\/span>\n\t\t\t\t\t\t\t\t\t<span class=\"elementor-button-text\">G\u00e5 till v\u00e5r Facebook grupp<\/span>\n\t\t\t\t\t<\/span>\n\t\t\t\t\t<\/a>\n\t\t\t\t<\/div>\n\t\t\t\t\t\t\t\t<\/div>\n\t\t\t\t<\/div>\n\t\t\t\t<\/div>\n\t\t<div class=\"elementor-element elementor-element-5dffedb e-con-full e-flex e-con e-child\" data-id=\"5dffedb\" data-element_type=\"container\" data-e-type=\"container\">\n\t\t\t\t<div class=\"elementor-element elementor-element-54bc7f1 elementor-widget elementor-widget-heading\" data-id=\"54bc7f1\" data-element_type=\"widget\" data-e-type=\"widget\" data-widget_type=\"heading.default\">\n\t\t\t\t<div class=\"elementor-widget-container\">\n\t\t\t\t\t<h4 class=\"elementor-heading-title elementor-size-default\">ladda ner magasinet:<\/h4>\t\t\t\t<\/div>\n\t\t\t\t<\/div>\n\t\t\t\t<div class=\"elementor-element elementor-element-5eec46a elementor-widget elementor-widget-button\" data-id=\"5eec46a\" data-element_type=\"widget\" data-e-type=\"widget\" data-widget_type=\"button.default\">\n\t\t\t\t<div class=\"elementor-widget-container\">\n\t\t\t\t\t\t\t\t\t<div class=\"elementor-button-wrapper\">\n\t\t\t\t\t<a class=\"elementor-button elementor-button-link elementor-size-sm\" href=\"https:\/\/drive.google.com\/file\/d\/1iAvXMhqVmbhbWryRUqaS9CUxqlDX7cJP\/view\">\n\t\t\t\t\t\t<span class=\"elementor-button-content-wrapper\">\n\t\t\t\t\t\t<span class=\"elementor-button-icon\">\n\t\t\t\t<svg aria-hidden=\"true\" class=\"e-font-icon-svg e-fas-file-pdf\" viewBox=\"0 0 384 512\" xmlns=\"http:\/\/www.w3.org\/2000\/svg\"><path d=\"M181.9 256.1c-5-16-4.9-46.9-2-46.9 8.4 0 7.6 36.9 2 46.9zm-1.7 47.2c-7.7 20.2-17.3 43.3-28.4 62.7 18.3-7 39-17.2 62.9-21.9-12.7-9.6-24.9-23.4-34.5-40.8zM86.1 428.1c0 .8 13.2-5.4 34.9-40.2-6.7 6.3-29.1 24.5-34.9 40.2zM248 160h136v328c0 13.3-10.7 24-24 24H24c-13.3 0-24-10.7-24-24V24C0 10.7 10.7 0 24 0h200v136c0 13.2 10.8 24 24 24zm-8 171.8c-20-12.2-33.3-29-42.7-53.8 4.5-18.5 11.6-46.6 6.2-64.2-4.7-29.4-42.4-26.5-47.8-6.8-5 18.3-.4 44.1 8.1 77-11.6 27.6-28.7 64.6-40.8 85.8-.1 0-.1.1-.2.1-27.1 13.9-73.6 44.5-54.5 68 5.6 6.9 16 10 21.5 10 17.9 0 35.7-18 61.1-61.8 25.8-8.5 54.1-19.1 79-23.2 21.7 11.8 47.1 19.5 64 19.5 29.2 0 31.2-32 19.7-43.4-13.9-13.6-54.3-9.7-73.6-7.2zM377 105L279 7c-4.5-4.5-10.6-7-17-7h-6v128h128v-6.1c0-6.3-2.5-12.4-7-16.9zm-74.1 255.3c4.1-2.7-2.5-11.9-42.8-9 37.1 15.8 42.8 9 42.8 9z\"><\/path><\/svg>\t\t\t<\/span>\n\t\t\t\t\t\t\t\t\t<span class=\"elementor-button-text\">Ladda ner magasinet som PDF<\/span>\n\t\t\t\t\t<\/span>\n\t\t\t\t\t<\/a>\n\t\t\t\t<\/div>\n\t\t\t\t\t\t\t\t<\/div>\n\t\t\t\t<\/div>\n\t\t\t\t<\/div>\n\t\t\t\t\t<\/div>\n\t\t\t\t<\/div>\n\t\t\t\t<div class=\"elementor-element elementor-element-e55135b elementor-widget elementor-widget-spacer\" data-id=\"e55135b\" data-element_type=\"widget\" data-e-type=\"widget\" data-widget_type=\"spacer.default\">\n\t\t\t\t<div class=\"elementor-widget-container\">\n\t\t\t\t\t\t\t<div class=\"elementor-spacer\">\n\t\t\t<div class=\"elementor-spacer-inner\"><\/div>\n\t\t<\/div>\n\t\t\t\t\t\t<\/div>\n\t\t\t\t<\/div>\n\t\t\t\t<div class=\"elementor-element elementor-element-65afcf6 elementor-widget elementor-widget-heading\" data-id=\"65afcf6\" data-element_type=\"widget\" data-e-type=\"widget\" data-widget_type=\"heading.default\">\n\t\t\t\t<div class=\"elementor-widget-container\">\n\t\t\t\t\t<h4 class=\"elementor-heading-title elementor-size-default\">Hitta snabbt:<\/h4>\t\t\t\t<\/div>\n\t\t\t\t<\/div>\n\t\t<div class=\"elementor-element elementor-element-ac1b532 e-grid e-con-boxed e-con e-child\" data-id=\"ac1b532\" data-element_type=\"container\" data-e-type=\"container\">\n\t\t\t\t\t<div class=\"e-con-inner\">\n\t\t\t\t<div class=\"elementor-element elementor-element-71ff681 elementor-widget elementor-widget-button\" data-id=\"71ff681\" data-element_type=\"widget\" data-e-type=\"widget\" data-widget_type=\"button.default\">\n\t\t\t\t<div class=\"elementor-widget-container\">\n\t\t\t\t\t\t\t\t\t<div class=\"elementor-button-wrapper\">\n\t\t\t\t\t<a class=\"elementor-button elementor-button-link elementor-size-sm\" href=\"#festivalprogram\">\n\t\t\t\t\t\t<span class=\"elementor-button-content-wrapper\">\n\t\t\t\t\t\t<span class=\"elementor-button-icon\">\n\t\t\t\t<svg aria-hidden=\"true\" class=\"e-font-icon-svg e-fas-long-arrow-alt-down\" viewBox=\"0 0 256 512\" xmlns=\"http:\/\/www.w3.org\/2000\/svg\"><path d=\"M168 345.941V44c0-6.627-5.373-12-12-12h-56c-6.627 0-12 5.373-12 12v301.941H41.941c-21.382 0-32.09 25.851-16.971 40.971l86.059 86.059c9.373 9.373 24.569 9.373 33.941 0l86.059-86.059c15.119-15.119 4.411-40.971-16.971-40.971H168z\"><\/path><\/svg>\t\t\t<\/span>\n\t\t\t\t\t\t\t\t\t<span class=\"elementor-button-text\">Festivalprogram<\/span>\n\t\t\t\t\t<\/span>\n\t\t\t\t\t<\/a>\n\t\t\t\t<\/div>\n\t\t\t\t\t\t\t\t<\/div>\n\t\t\t\t<\/div>\n\t\t\t\t<div class=\"elementor-element elementor-element-504b5fb elementor-widget elementor-widget-button\" data-id=\"504b5fb\" data-element_type=\"widget\" data-e-type=\"widget\" data-widget_type=\"button.default\">\n\t\t\t\t<div class=\"elementor-widget-container\">\n\t\t\t\t\t\t\t\t\t<div class=\"elementor-button-wrapper\">\n\t\t\t\t\t<a class=\"elementor-button elementor-button-link elementor-size-sm\" href=\"#oversikt\">\n\t\t\t\t\t\t<span class=\"elementor-button-content-wrapper\">\n\t\t\t\t\t\t<span class=\"elementor-button-icon\">\n\t\t\t\t<svg aria-hidden=\"true\" class=\"e-font-icon-svg e-fas-long-arrow-alt-down\" viewBox=\"0 0 256 512\" xmlns=\"http:\/\/www.w3.org\/2000\/svg\"><path d=\"M168 345.941V44c0-6.627-5.373-12-12-12h-56c-6.627 0-12 5.373-12 12v301.941H41.941c-21.382 0-32.09 25.851-16.971 40.971l86.059 86.059c9.373 9.373 24.569 9.373 33.941 0l86.059-86.059c15.119-15.119 4.411-40.971-16.971-40.971H168z\"><\/path><\/svg>\t\t\t<\/span>\n\t\t\t\t\t\t\t\t\t<span class=\"elementor-button-text\">\u00d6versiktskarta &amp; Barnens festival<\/span>\n\t\t\t\t\t<\/span>\n\t\t\t\t\t<\/a>\n\t\t\t\t<\/div>\n\t\t\t\t\t\t\t\t<\/div>\n\t\t\t\t<\/div>\n\t\t\t\t<div class=\"elementor-element elementor-element-9a1d27f elementor-widget elementor-widget-button\" data-id=\"9a1d27f\" data-element_type=\"widget\" data-e-type=\"widget\" data-widget_type=\"button.default\">\n\t\t\t\t<div class=\"elementor-widget-container\">\n\t\t\t\t\t\t\t\t\t<div class=\"elementor-button-wrapper\">\n\t\t\t\t\t<a class=\"elementor-button elementor-button-link elementor-size-sm\" href=\"#huvudpartners\">\n\t\t\t\t\t\t<span class=\"elementor-button-content-wrapper\">\n\t\t\t\t\t\t<span class=\"elementor-button-icon\">\n\t\t\t\t<svg aria-hidden=\"true\" class=\"e-font-icon-svg e-fas-long-arrow-alt-down\" viewBox=\"0 0 256 512\" xmlns=\"http:\/\/www.w3.org\/2000\/svg\"><path d=\"M168 345.941V44c0-6.627-5.373-12-12-12h-56c-6.627 0-12 5.373-12 12v301.941H41.941c-21.382 0-32.09 25.851-16.971 40.971l86.059 86.059c9.373 9.373 24.569 9.373 33.941 0l86.059-86.059c15.119-15.119 4.411-40.971-16.971-40.971H168z\"><\/path><\/svg>\t\t\t<\/span>\n\t\t\t\t\t\t\t\t\t<span class=\"elementor-button-text\">Huvudpartners<\/span>\n\t\t\t\t\t<\/span>\n\t\t\t\t\t<\/a>\n\t\t\t\t<\/div>\n\t\t\t\t\t\t\t\t<\/div>\n\t\t\t\t<\/div>\n\t\t\t\t\t<\/div>\n\t\t\t\t<\/div>\n\t\t\t\t<\/div>\n\t\t<div class=\"elementor-element elementor-element-64def65 e-con-full e-flex e-con e-parent\" data-id=\"64def65\" data-element_type=\"container\" data-e-type=\"container\" id=\"festivalprogram\">\n\t\t\t\t<div class=\"elementor-element elementor-element-390db59 elementor-widget elementor-widget-heading\" data-id=\"390db59\" data-element_type=\"widget\" data-e-type=\"widget\" data-widget_type=\"heading.default\">\n\t\t\t\t<div class=\"elementor-widget-container\">\n\t\t\t\t\t<h2 class=\"elementor-heading-title elementor-size-default\">Festivalprogram:<\/h2>\t\t\t\t<\/div>\n\t\t\t\t<\/div>\n\t\t\t\t<div class=\"elementor-element elementor-element-15217c5 elementor-widget elementor-widget-image\" data-id=\"15217c5\" data-element_type=\"widget\" data-e-type=\"widget\" data-widget_type=\"image.default\">\n\t\t\t\t<div class=\"elementor-widget-container\">\n\t\t\t\t\t\t\t\t\t\t\t\t\t\t\t\t<a href=\"https:\/\/musikomotor.se\/wp-content\/uploads\/2025\/06\/festivalprogram2025-scaled.jpg\" data-elementor-open-lightbox=\"yes\" data-e-action-hash=\"#elementor-action%3Aaction%3Dlightbox%26settings%3DeyJpZCI6MTMyLCJ1cmwiOiJodHRwczpcL1wvbXVzaWtvbW90b3Iuc2VcL3dwLWNvbnRlbnRcL3VwbG9hZHNcLzIwMjVcLzA2XC9mZXN0aXZhbHByb2dyYW0yMDI1LXNjYWxlZC5qcGcifQ%3D%3D\">\n\t\t\t\t\t\t\t<img decoding=\"async\" width=\"1024\" height=\"697\" src=\"https:\/\/musikomotor.se\/wp-content\/uploads\/2025\/06\/festivalprogram2025-1024x697.jpg\" class=\"attachment-large size-large wp-image-132\" alt=\"\" srcset=\"https:\/\/musikomotor.se\/wp-content\/uploads\/2025\/06\/festivalprogram2025-1024x697.jpg 1024w, https:\/\/musikomotor.se\/wp-content\/uploads\/2025\/06\/festivalprogram2025-300x204.jpg 300w, https:\/\/musikomotor.se\/wp-content\/uploads\/2025\/06\/festivalprogram2025-768x523.jpg 768w, https:\/\/musikomotor.se\/wp-content\/uploads\/2025\/06\/festivalprogram2025-1536x1046.jpg 1536w, https:\/\/musikomotor.se\/wp-content\/uploads\/2025\/06\/festivalprogram2025-2048x1394.jpg 2048w\" sizes=\"(max-width: 1024px) 100vw, 1024px\" \/>\t\t\t\t\t\t\t\t<\/a>\n\t\t\t\t\t\t\t\t\t\t\t\t\t\t\t<\/div>\n\t\t\t\t<\/div>\n\t\t\t\t<\/div>\n\t\t<div class=\"elementor-element elementor-element-820ebd6 e-con-full e-flex e-con e-parent\" data-id=\"820ebd6\" data-element_type=\"container\" data-e-type=\"container\" id=\"oversikt\">\n\t\t\t\t<div class=\"elementor-element elementor-element-e867503 elementor-widget elementor-widget-heading\" data-id=\"e867503\" data-element_type=\"widget\" data-e-type=\"widget\" data-widget_type=\"heading.default\">\n\t\t\t\t<div class=\"elementor-widget-container\">\n\t\t\t\t\t<h2 class=\"elementor-heading-title elementor-size-default\">\u00d6versiktskarta &amp; Barnens festival:<\/h2>\t\t\t\t<\/div>\n\t\t\t\t<\/div>\n\t\t<div class=\"elementor-element elementor-element-b9f621e e-grid e-con-boxed e-con e-child\" data-id=\"b9f621e\" data-element_type=\"container\" data-e-type=\"container\">\n\t\t\t\t\t<div class=\"e-con-inner\">\n\t\t\t\t<div class=\"elementor-element elementor-element-39299b0 elementor-widget elementor-widget-image\" data-id=\"39299b0\" data-element_type=\"widget\" data-e-type=\"widget\" data-widget_type=\"image.default\">\n\t\t\t\t<div class=\"elementor-widget-container\">\n\t\t\t\t\t\t\t\t\t\t\t\t\t\t\t\t<a href=\"https:\/\/musikomotor.se\/wp-content\/uploads\/2025\/06\/karta2025-scaled.jpg\" data-elementor-open-lightbox=\"yes\" data-e-action-hash=\"#elementor-action%3Aaction%3Dlightbox%26settings%3DeyJpZCI6MTM1LCJ1cmwiOiJodHRwczpcL1wvbXVzaWtvbW90b3Iuc2VcL3dwLWNvbnRlbnRcL3VwbG9hZHNcLzIwMjVcLzA2XC9rYXJ0YTIwMjUtc2NhbGVkLmpwZyJ9\">\n\t\t\t\t\t\t\t<img decoding=\"async\" width=\"768\" height=\"1040\" src=\"https:\/\/musikomotor.se\/wp-content\/uploads\/2025\/06\/karta2025-768x1040.jpg\" class=\"attachment-medium_large size-medium_large wp-image-135\" alt=\"\" srcset=\"https:\/\/musikomotor.se\/wp-content\/uploads\/2025\/06\/karta2025-768x1040.jpg 768w, https:\/\/musikomotor.se\/wp-content\/uploads\/2025\/06\/karta2025-222x300.jpg 222w, https:\/\/musikomotor.se\/wp-content\/uploads\/2025\/06\/karta2025-757x1024.jpg 757w, https:\/\/musikomotor.se\/wp-content\/uploads\/2025\/06\/karta2025-1135x1536.jpg 1135w, https:\/\/musikomotor.se\/wp-content\/uploads\/2025\/06\/karta2025-1513x2048.jpg 1513w, https:\/\/musikomotor.se\/wp-content\/uploads\/2025\/06\/karta2025-scaled.jpg 1891w\" sizes=\"(max-width: 768px) 100vw, 768px\" \/>\t\t\t\t\t\t\t\t<\/a>\n\t\t\t\t\t\t\t\t\t\t\t\t\t\t\t<\/div>\n\t\t\t\t<\/div>\n\t\t\t\t<div class=\"elementor-element elementor-element-ffb0bdb elementor-widget elementor-widget-image\" data-id=\"ffb0bdb\" data-element_type=\"widget\" data-e-type=\"widget\" data-widget_type=\"image.default\">\n\t\t\t\t<div class=\"elementor-widget-container\">\n\t\t\t\t\t\t\t\t\t\t\t\t\t\t\t\t<a href=\"https:\/\/musikomotor.se\/wp-content\/uploads\/2025\/06\/barn2025-scaled.jpg\" data-elementor-open-lightbox=\"yes\" data-e-action-hash=\"#elementor-action%3Aaction%3Dlightbox%26settings%3DeyJpZCI6MTMzLCJ1cmwiOiJodHRwczpcL1wvbXVzaWtvbW90b3Iuc2VcL3dwLWNvbnRlbnRcL3VwbG9hZHNcLzIwMjVcLzA2XC9iYXJuMjAyNS1zY2FsZWQuanBnIn0%3D\">\n\t\t\t\t\t\t\t<img loading=\"lazy\" decoding=\"async\" width=\"768\" height=\"1040\" src=\"https:\/\/musikomotor.se\/wp-content\/uploads\/2025\/06\/barn2025-768x1040.jpg\" class=\"attachment-medium_large size-medium_large wp-image-133\" alt=\"\" srcset=\"https:\/\/musikomotor.se\/wp-content\/uploads\/2025\/06\/barn2025-768x1040.jpg 768w, https:\/\/musikomotor.se\/wp-content\/uploads\/2025\/06\/barn2025-222x300.jpg 222w, https:\/\/musikomotor.se\/wp-content\/uploads\/2025\/06\/barn2025-757x1024.jpg 757w, https:\/\/musikomotor.se\/wp-content\/uploads\/2025\/06\/barn2025-1135x1536.jpg 1135w, https:\/\/musikomotor.se\/wp-content\/uploads\/2025\/06\/barn2025-1513x2048.jpg 1513w, https:\/\/musikomotor.se\/wp-content\/uploads\/2025\/06\/barn2025-scaled.jpg 1891w\" sizes=\"(max-width: 768px) 100vw, 768px\" \/>\t\t\t\t\t\t\t\t<\/a>\n\t\t\t\t\t\t\t\t\t\t\t\t\t\t\t<\/div>\n\t\t\t\t<\/div>\n\t\t\t\t\t<\/div>\n\t\t\t\t<\/div>\n\t\t\t\t<\/div>\n\t\t<div class=\"elementor-element elementor-element-da23fb8 e-con-full e-flex e-con e-parent\" data-id=\"da23fb8\" data-element_type=\"container\" data-e-type=\"container\" id=\"huvudpartners\">\n\t\t\t\t<div class=\"elementor-element elementor-element-bc9b2d8 elementor-widget elementor-widget-heading\" data-id=\"bc9b2d8\" data-element_type=\"widget\" data-e-type=\"widget\" data-widget_type=\"heading.default\">\n\t\t\t\t<div class=\"elementor-widget-container\">\n\t\t\t\t\t<h2 class=\"elementor-heading-title elementor-size-default\">huvudpartners<\/h2>\t\t\t\t<\/div>\n\t\t\t\t<\/div>\n\t\t\t\t<div class=\"elementor-element elementor-element-4e4ca55 elementor-widget elementor-widget-image\" data-id=\"4e4ca55\" data-element_type=\"widget\" data-e-type=\"widget\" data-widget_type=\"image.default\">\n\t\t\t\t<div class=\"elementor-widget-container\">\n\t\t\t\t\t\t\t\t\t\t\t\t\t\t\t<img loading=\"lazy\" decoding=\"async\" width=\"757\" height=\"1024\" src=\"https:\/\/musikomotor.se\/wp-content\/uploads\/2025\/06\/huvudpartners2025-757x1024.jpg\" class=\"attachment-large size-large wp-image-134\" alt=\"\" srcset=\"https:\/\/musikomotor.se\/wp-content\/uploads\/2025\/06\/huvudpartners2025-757x1024.jpg 757w, https:\/\/musikomotor.se\/wp-content\/uploads\/2025\/06\/huvudpartners2025-222x300.jpg 222w, https:\/\/musikomotor.se\/wp-content\/uploads\/2025\/06\/huvudpartners2025-768x1040.jpg 768w, https:\/\/musikomotor.se\/wp-content\/uploads\/2025\/06\/huvudpartners2025-1135x1536.jpg 1135w, https:\/\/musikomotor.se\/wp-content\/uploads\/2025\/06\/huvudpartners2025-1513x2048.jpg 1513w, https:\/\/musikomotor.se\/wp-content\/uploads\/2025\/06\/huvudpartners2025-scaled.jpg 1891w\" sizes=\"(max-width: 757px) 100vw, 757px\" \/>\t\t\t\t\t\t\t\t\t\t\t\t\t\t\t<\/div>\n\t\t\t\t<\/div>\n\t\t\t\t<\/div>\n\t\t\t\t<\/div>\n\t\t","protected":false},"excerpt":{"rendered":"<p>F\u00f6r senaste nyheterna: G\u00e5 till v\u00e5r Facebook grupp ladda ner magasinet: Ladda ner magasinet som PDF Hitta snabbt: Festivalprogram \u00d6versiktskarta &#038; Barnens festival Huvudpartners Festivalprogram: \u00d6versiktskarta &amp; Barnens festival: huvudpartners<\/p>\n","protected":false},"author":1,"featured_media":0,"parent":0,"menu_order":0,"comment_status":"closed","ping_status":"closed","template":"","meta":{"footnotes":""},"class_list":["post-6","page","type-page","status-publish","hentry"],"_links":{"self":[{"href":"https:\/\/musikomotor.se\/index.php\/wp-json\/wp\/v2\/pages\/6","targetHints":{"allow":["GET"]}}],"collection":[{"href":"https:\/\/musikomotor.se\/index.php\/wp-json\/wp\/v2\/pages"}],"about":[{"href":"https:\/\/musikomotor.se\/index.php\/wp-json\/wp\/v2\/types\/page"}],"author":[{"embeddable":true,"href":"https:\/\/musikomotor.se\/index.php\/wp-json\/wp\/v2\/users\/1"}],"replies":[{"embeddable":true,"href":"https:\/\/musikomotor.se\/index.php\/wp-json\/wp\/v2\/comments?post=6"}],"version-history":[{"count":109,"href":"https:\/\/musikomotor.se\/index.php\/wp-json\/wp\/v2\/pages\/6\/revisions"}],"predecessor-version":[{"id":141,"href":"https:\/\/musikomotor.se\/index.php\/wp-json\/wp\/v2\/pages\/6\/revisions\/141"}],"wp:attachment":[{"href":"https:\/\/musikomotor.se\/index.php\/wp-json\/wp\/v2\/media?parent=6"}],"curies":[{"name":"wp","href":"https:\/\/api.w.org\/{rel}","templated":true}]}}